{"id":60,"date":"2025-04-15T13:29:15","date_gmt":"2025-04-15T11:29:15","guid":{"rendered":"https:\/\/workflowexperts.io\/?page_id=60"},"modified":"2025-04-29T11:04:43","modified_gmt":"2025-04-29T09:04:43","slug":"legal-disclosure","status":"publish","type":"page","link":"https:\/\/workflowexperts.io\/de\/legal-disclosure\/","title":{"rendered":"Impressum"},"content":{"rendered":"<h2 class=\"wp-block-heading\"><strong>Angaben gem\u00e4\u00df \u00a7 5 TMG<\/strong><\/h2>\n\n\n\n<p>Marvin Rhode \u2013 workflowexperts.io<br>Scharnhorststr. 7<br>24105 Kiel<\/p>\n\n\n\n<p><strong>Kontakt<\/strong><\/p>\n\n\n\n<p>marvin.rhode@workflowexperts.io<\/p>\n\n\n\n<p><strong><strong>Umsatzsteuer-Identifikationsnummer gem\u00e4\u00df \u00a7 27a UStG<\/strong><\/strong><\/p>\n\n\n\n<p>DE453641944<\/p>\n\n\n\n<h2 class=\"wp-block-heading\"><strong>Verantwortlich f\u00fcr den Inhalt nach \u00a7 55 Abs. 2 RStV<\/strong><\/h2>\n\n\n\n<p>Marvin Rhode<br>Scharnhorststr. 7<br>24105 Kiel<\/p>\n\n\n\n<h2 class=\"wp-block-heading\"><strong>Haftungsausschluss<\/strong><\/h2>\n\n\n\n<p><strong>Haftung f\u00fcr Inhalte<\/strong><\/p>\n\n\n\n<p>Als Diensteanbieter bin ich gem\u00e4\u00df \u00a7 7 Abs. 1 TMG f\u00fcr eigene Inhalte auf diesen Seiten nach den allgemeinen Gesetzen verantwortlich. Nach \u00a7\u00a7 8 bis 10 TMG bin ich jedoch nicht verpflichtet, \u00fcbermittelte oder gespeicherte fremde Informationen zu \u00fcberwachen oder nach Umst\u00e4nden zu forschen, die auf eine rechtswidrige T\u00e4tigkeit hinweisen.<\/p>\n\n\n\n<p>Verpflichtungen zur Entfernung oder Sperrung der Nutzung von Informationen nach den allgemeinen Gesetzen bleiben hiervon unber\u00fchrt. Eine Haftung ist jedoch erst ab dem Zeitpunkt der Kenntnis einer konkreten Rechtsverletzung m\u00f6glich. Bei Bekanntwerden entsprechender Rechtsverletzungen werde ich diese Inhalte umgehend entfernen.<\/p>\n\n\n\n<p><strong>Haftung f\u00fcr Links<\/strong><\/p>\n\n\n\n<p>Meine Website enth\u00e4lt Links zu externen Websites Dritter, auf deren Inhalte ich keinen Einfluss habe. Deshalb kann ich f\u00fcr diese fremden Inhalte auch keine Gew\u00e4hr \u00fcbernehmen. F\u00fcr die Inhalte der verlinkten Seiten ist stets der jeweilige Anbieter oder Betreiber der Seiten verantwortlich.<\/p>\n\n\n\n<p><strong>Urheberrecht<\/strong><\/p>\n\n\n\n<p>Die durch mich erstellten Inhalte und Werke auf diesen Seiten unterliegen dem deutschen Urheberrecht. Die Vervielf\u00e4ltigung, Bearbeitung, Verbreitung oder jede Art der Verwertung au\u00dferhalb der Grenzen des Urheberrechts bed\u00fcrfen meiner vorherigen schriftlichen Zustimmung.<\/p>","protected":false},"excerpt":{"rendered":"<p>Information according to \u00a7 5 TMG (Telemedia Act) Marvin Rhode &#8211; workflowexperts.ioScharnhorststr. 724105 Kiel Contact marvin.rhode@workflowexperts.io VAT ID pursuant to \u00a7 27a German VAT Act DE453641944 Responsible for Content According to \u00a7 55 Abs. 2 RStV Marvin RhodeScharnhorststr. 724105 Kiel Disclaimer Liability for Content As a service provider, I am responsible for my own content [&hellip;]<\/p>\n","protected":false},"author":1,"featured_media":0,"parent":0,"menu_order":0,"comment_status":"closed","ping_status":"closed","template":"","meta":{"footnotes":""},"class_list":["post-60","page","type-page","status-publish","hentry"],"_links":{"self":[{"href":"https:\/\/workflowexperts.io\/de\/wp-json\/wp\/v2\/pages\/60","targetHints":{"allow":["GET"]}}],"collection":[{"href":"https:\/\/workflowexperts.io\/de\/wp-json\/wp\/v2\/pages"}],"about":[{"href":"https:\/\/workflowexperts.io\/de\/wp-json\/wp\/v2\/types\/page"}],"author":[{"embeddable":true,"href":"https:\/\/workflowexperts.io\/de\/wp-json\/wp\/v2\/users\/1"}],"replies":[{"embeddable":true,"href":"https:\/\/workflowexperts.io\/de\/wp-json\/wp\/v2\/comments?post=60"}],"version-history":[{"count":6,"href":"https:\/\/workflowexperts.io\/de\/wp-json\/wp\/v2\/pages\/60\/revisions"}],"predecessor-version":[{"id":136,"href":"https:\/\/workflowexperts.io\/de\/wp-json\/wp\/v2\/pages\/60\/revisions\/136"}],"wp:attachment":[{"href":"https:\/\/workflowexperts.io\/de\/wp-json\/wp\/v2\/media?parent=60"}],"curies":[{"name":"wp","href":"https:\/\/api.w.org\/{rel}","templated":true}]}}